{"id":33,"date":"2021-02-21T18:09:23","date_gmt":"2021-02-21T18:09:23","guid":{"rendered":"http:\/\/enerjidestek.com\/?page_id=33"},"modified":"2021-02-21T22:58:27","modified_gmt":"2021-02-21T19:58:27","slug":"bize-ulasin","status":"publish","type":"page","link":"https:\/\/enerjidestek.com\/index.php\/bize-ulasin\/","title":{"rendered":"Bize ula\u015f\u0131n"},"content":{"rendered":"\n<p>Merkez: Karpuzlu 1. cadde No:72 &#8211; 74 \/ A   S\u0130TELER \/ ANKARA<\/p>\n\n\n\n<p>\u00dcr\u00fcn Servkiyat ve teslim deposu: A\u00e7\u0131ktan Sokak No:15 \/ 1-2-3. katlar  \u00d6nder mahallesi S\u0130TELER \/ ANKARA<\/p>\n\n\n\n<p>\u0130malat ve montaj at\u00f6lyesi: 2261. cadde No:2 ivedik organize sanayi  ANKARA<\/p>\n\n\n\n<p>Tel: 0312 353 55 55<\/p>\n\n\n\n<p>Gsm: 0532 417 417 9<\/p>\n","protected":false},"excerpt":{"rendered":"<p>Merkez: Karpuzlu 1. cadde No:72 &#8211; 74 \/ A S\u0130TELER \/ ANKARA \u00dcr\u00fcn Servkiyat ve teslim deposu: A\u00e7\u0131ktan Sokak No:15<\/p>\n","protected":false},"author":1,"featured_media":0,"parent":0,"menu_order":0,"comment_status":"closed","ping_status":"closed","template":"page-templates\/contact.php","meta":{"footnotes":""},"class_list":["post-33","page","type-page","status-publish","hentry"],"_links":{"self":[{"href":"https:\/\/enerjidestek.com\/index.php\/wp-json\/wp\/v2\/pages\/33","targetHints":{"allow":["GET"]}}],"collection":[{"href":"https:\/\/enerjidestek.com\/index.php\/wp-json\/wp\/v2\/pages"}],"about":[{"href":"https:\/\/enerjidestek.com\/index.php\/wp-json\/wp\/v2\/types\/page"}],"author":[{"embeddable":true,"href":"https:\/\/enerjidestek.com\/index.php\/wp-json\/wp\/v2\/users\/1"}],"replies":[{"embeddable":true,"href":"https:\/\/enerjidestek.com\/index.php\/wp-json\/wp\/v2\/comments?post=33"}],"version-history":[{"count":5,"href":"https:\/\/enerjidestek.com\/index.php\/wp-json\/wp\/v2\/pages\/33\/revisions"}],"predecessor-version":[{"id":83,"href":"https:\/\/enerjidestek.com\/index.php\/wp-json\/wp\/v2\/pages\/33\/revisions\/83"}],"wp:attachment":[{"href":"https:\/\/enerjidestek.com\/index.php\/wp-json\/wp\/v2\/media?parent=33"}],"curies":[{"name":"wp","href":"https:\/\/api.w.org\/{rel}","templated":true}]}}